{"id":20,"date":"2024-11-20T11:32:38","date_gmt":"2024-11-20T10:32:38","guid":{"rendered":"http:\/\/pphkrajan.pl\/?page_id=20"},"modified":"2024-11-20T11:37:51","modified_gmt":"2024-11-20T10:37:51","slug":"kontakt","status":"publish","type":"page","link":"https:\/\/pphkrajan.pl\/?page_id=20","title":{"rendered":"Kontakt"},"content":{"rendered":"\t\t<div data-elementor-type=\"wp-page\" data-elementor-id=\"20\" class=\"elementor elementor-20\">\n\t\t\t\t<div class=\"elementor-element elementor-element-1c5342e0 e-con-full e-flex e-con e-parent\" data-id=\"1c5342e0\" data-element_type=\"container\" data-settings=\"{&quot;background_background&quot;:&quot;classic&quot;,&quot;content_width&quot;:&quot;full&quot;}\" data-core-v316-plus=\"true\">\n\t\t<div class=\"elementor-element elementor-element-3341e9fe e-con-full e-flex e-con e-child\" data-id=\"3341e9fe\" data-element_type=\"container\" data-settings=\"{&quot;content_width&quot;:&quot;full&quot;}\">\n\t\t\t\t<div class=\"elementor-element elementor-element-dfe81b3 elementor-widget elementor-widget-image\" data-id=\"dfe81b3\" data-element_type=\"widget\" data-widget_type=\"image.default\">\n\t\t\t\t<div class=\"elementor-widget-container\">\n\t\t\t<style>\/*! elementor - v3.19.0 - 28-02-2024 *\/\n.elementor-widget-image{text-align:center}.elementor-widget-image a{display:inline-block}.elementor-widget-image a img[src$=\".svg\"]{width:48px}.elementor-widget-image img{vertical-align:middle;display:inline-block}<\/style>\t\t\t\t\t\t\t\t\t\t<img fetchpriority=\"high\" decoding=\"async\" width=\"305\" height=\"372\" src=\"https:\/\/pphkrajan.pl\/wp-content\/uploads\/2024\/04\/krajan-png.png\" class=\"attachment-large size-large wp-image-11\" alt=\"\" srcset=\"https:\/\/pphkrajan.pl\/wp-content\/uploads\/2024\/04\/krajan-png.png 305w, https:\/\/pphkrajan.pl\/wp-content\/uploads\/2024\/04\/krajan-png-246x300.png 246w\" sizes=\"(max-width: 305px) 100vw, 305px\" \/>\t\t\t\t\t\t\t\t\t\t\t\t\t<\/div>\n\t\t\t\t<\/div>\n\t\t\t\t<\/div>\n\t\t<div class=\"elementor-element elementor-element-4625466d e-con-full e-flex e-con e-child\" data-id=\"4625466d\" data-element_type=\"container\" data-settings=\"{&quot;content_width&quot;:&quot;full&quot;}\">\n\t\t\t\t<div class=\"elementor-element elementor-element-7fc7a06 elementor-widget elementor-widget-heading\" data-id=\"7fc7a06\" data-element_type=\"widget\" data-widget_type=\"heading.default\">\n\t\t\t\t<div class=\"elementor-widget-container\">\n\t\t\t<style>\/*! elementor - v3.19.0 - 28-02-2024 *\/\n.elementor-heading-title{padding:0;margin:0;line-height:1}.elementor-widget-heading .elementor-heading-title[class*=elementor-size-]>a{color:inherit;font-size:inherit;line-height:inherit}.elementor-widget-heading .elementor-heading-title.elementor-size-small{font-size:15px}.elementor-widget-heading .elementor-heading-title.elementor-size-medium{font-size:19px}.elementor-widget-heading .elementor-heading-title.elementor-size-large{font-size:29px}.elementor-widget-heading .elementor-heading-title.elementor-size-xl{font-size:39px}.elementor-widget-heading .elementor-heading-title.elementor-size-xxl{font-size:59px}<\/style><span class=\"elementor-heading-title elementor-size-default\">PRZEDSI\u0118BIORSTWO PRODUKCYJNO - HANDLOWE \"KRAJAN\" - SP\u00d3\u0141KA Z OGRANICZON\u0104 ODPOWIEDZIALNO\u015aCI\u0104<\/span>\t\t<\/div>\n\t\t\t\t<\/div>\n\t\t\t\t<div class=\"elementor-element elementor-element-11f3d21a elementor-align-left elementor-icon-list--layout-traditional elementor-list-item-link-full_width elementor-widget elementor-widget-icon-list\" data-id=\"11f3d21a\" data-element_type=\"widget\" data-widget_type=\"icon-list.default\">\n\t\t\t\t<div class=\"elementor-widget-container\">\n\t\t\t<link rel=\"stylesheet\" href=\"http:\/\/pphkrajan.pl\/wp-content\/plugins\/elementor\/assets\/css\/widget-icon-list.min.css\">\t\t<ul class=\"elementor-icon-list-items\">\n\t\t\t\t\t\t\t<li class=\"elementor-icon-list-item\">\n\t\t\t\t\t\t\t\t\t\t<span class=\"elementor-icon-list-text\"><b>Address:<\/b> Wi\u015bniewa 18, 89-400 Wi\u015bniewa<\/span>\n\t\t\t\t\t\t\t\t\t<\/li>\n\t\t\t\t\t\t\t\t<li class=\"elementor-icon-list-item\">\n\t\t\t\t\t\t\t\t\t\t<span class=\"elementor-icon-list-text\"><b>Phone:<\/b> 52 388 10 10<\/span>\n\t\t\t\t\t\t\t\t\t<\/li>\n\t\t\t\t\t\t\t\t<li class=\"elementor-icon-list-item\">\n\t\t\t\t\t\t\t\t\t\t<span class=\"elementor-icon-list-text\"><b>Email:<\/b> pphkrajan@wp.pl<\/span>\n\t\t\t\t\t\t\t\t\t<\/li>\n\t\t\t\t\t\t<\/ul>\n\t\t\t\t<\/div>\n\t\t\t\t<\/div>\n\t\t\t\t<\/div>\n\t\t\t\t<\/div>\n\t\t\t\t<\/div>\n\t\t","protected":false},"excerpt":{"rendered":"<p>PRZEDSI\u0118BIORSTWO PRODUKCYJNO &#8211; HANDLOWE &#8220;KRAJAN&#8221; &#8211; SP\u00d3\u0141KA Z OGRANICZON\u0104 ODPOWIEDZIALNO\u015aCI\u0104 Address: Wi\u015bniewa 18, 89-400 Wi\u015bniewa Phone: 52 388 10 10 Email: pphkrajan@wp.pl<\/p>\n","protected":false},"author":1,"featured_media":0,"parent":0,"menu_order":0,"comment_status":"closed","ping_status":"closed","template":"","meta":{"footnotes":""},"class_list":["post-20","page","type-page","status-publish","hentry"],"yoast_head":"<!-- This site is optimized with the Yoast SEO plugin v22.1 - https:\/\/yoast.com\/wordpress\/plugins\/seo\/ -->\n<title>Kontakt - PPH KRAJAN Sp. z o.o.<\/title>\n<meta name=\"robots\" content=\"index, follow, max-snippet:-1, max-image-preview:large, max-video-preview:-1\" \/>\n<link rel=\"canonical\" href=\"http:\/\/pphkrajan.pl\/?page_id=20\" \/>\n<meta property=\"og:locale\" content=\"en_US\" \/>\n<meta property=\"og:type\" content=\"article\" \/>\n<meta property=\"og:title\" content=\"Kontakt - PPH KRAJAN Sp. z o.o.\" \/>\n<meta property=\"og:description\" content=\"PRZEDSI\u0118BIORSTWO PRODUKCYJNO &#8211; HANDLOWE &#8220;KRAJAN&#8221; &#8211; SP\u00d3\u0141KA Z OGRANICZON\u0104 ODPOWIEDZIALNO\u015aCI\u0104 Address: Wi\u015bniewa 18, 89-400 Wi\u015bniewa Phone: 52 388 10 10 Email: pphkrajan@wp.pl\" \/>\n<meta property=\"og:url\" content=\"http:\/\/pphkrajan.pl\/?page_id=20\" \/>\n<meta property=\"og:site_name\" content=\"PPH KRAJAN Sp. z o.o.\" \/>\n<meta property=\"article:modified_time\" content=\"2024-11-20T10:37:51+00:00\" \/>\n<meta property=\"og:image\" content=\"http:\/\/pphkrajan.pl\/wp-content\/uploads\/2024\/04\/krajan-png.png\" \/>\n<meta name=\"twitter:card\" content=\"summary_large_image\" \/>\n<meta name=\"twitter:label1\" content=\"Est. reading time\" \/>\n\t<meta name=\"twitter:data1\" content=\"1 minute\" \/>\n<script type=\"application\/ld+json\" class=\"yoast-schema-graph\">{\"@context\":\"https:\/\/schema.org\",\"@graph\":[{\"@type\":\"WebPage\",\"@id\":\"http:\/\/pphkrajan.pl\/?page_id=20\",\"url\":\"http:\/\/pphkrajan.pl\/?page_id=20\",\"name\":\"Kontakt - PPH KRAJAN Sp. z o.o.\",\"isPartOf\":{\"@id\":\"http:\/\/pphkrajan.pl\/#website\"},\"datePublished\":\"2024-11-20T10:32:38+00:00\",\"dateModified\":\"2024-11-20T10:37:51+00:00\",\"breadcrumb\":{\"@id\":\"http:\/\/pphkrajan.pl\/?page_id=20#breadcrumb\"},\"inLanguage\":\"en-US\",\"potentialAction\":[{\"@type\":\"ReadAction\",\"target\":[\"http:\/\/pphkrajan.pl\/?page_id=20\"]}]},{\"@type\":\"BreadcrumbList\",\"@id\":\"http:\/\/pphkrajan.pl\/?page_id=20#breadcrumb\",\"itemListElement\":[{\"@type\":\"ListItem\",\"position\":1,\"name\":\"Home\",\"item\":\"http:\/\/pphkrajan.pl\/\"},{\"@type\":\"ListItem\",\"position\":2,\"name\":\"Kontakt\"}]},{\"@type\":\"WebSite\",\"@id\":\"http:\/\/pphkrajan.pl\/#website\",\"url\":\"http:\/\/pphkrajan.pl\/\",\"name\":\"PPH KRAJAN Sp. z o.o.\",\"description\":\"\",\"publisher\":{\"@id\":\"http:\/\/pphkrajan.pl\/#organization\"},\"potentialAction\":[{\"@type\":\"SearchAction\",\"target\":{\"@type\":\"EntryPoint\",\"urlTemplate\":\"http:\/\/pphkrajan.pl\/?s={search_term_string}\"},\"query-input\":\"required name=search_term_string\"}],\"inLanguage\":\"en-US\"},{\"@type\":\"Organization\",\"@id\":\"http:\/\/pphkrajan.pl\/#organization\",\"name\":\"PPH KRAJAN Sp. z o.o.\",\"url\":\"http:\/\/pphkrajan.pl\/\",\"logo\":{\"@type\":\"ImageObject\",\"inLanguage\":\"en-US\",\"@id\":\"http:\/\/pphkrajan.pl\/#\/schema\/logo\/image\/\",\"url\":\"https:\/\/pphkrajan.pl\/wp-content\/uploads\/2024\/04\/cropped-krajan-png.png\",\"contentUrl\":\"https:\/\/pphkrajan.pl\/wp-content\/uploads\/2024\/04\/cropped-krajan-png.png\",\"width\":45,\"height\":50,\"caption\":\"PPH KRAJAN Sp. z o.o. \"},\"image\":{\"@id\":\"http:\/\/pphkrajan.pl\/#\/schema\/logo\/image\/\"}}]}<\/script>\n<!-- \/ Yoast SEO plugin. -->","yoast_head_json":{"title":"Kontakt - PPH KRAJAN Sp. z o.o.","robots":{"index":"index","follow":"follow","max-snippet":"max-snippet:-1","max-image-preview":"max-image-preview:large","max-video-preview":"max-video-preview:-1"},"canonical":"http:\/\/pphkrajan.pl\/?page_id=20","og_locale":"en_US","og_type":"article","og_title":"Kontakt - PPH KRAJAN Sp. z o.o.","og_description":"PRZEDSI\u0118BIORSTWO PRODUKCYJNO &#8211; HANDLOWE &#8220;KRAJAN&#8221; &#8211; SP\u00d3\u0141KA Z OGRANICZON\u0104 ODPOWIEDZIALNO\u015aCI\u0104 Address: Wi\u015bniewa 18, 89-400 Wi\u015bniewa Phone: 52 388 10 10 Email: pphkrajan@wp.pl","og_url":"http:\/\/pphkrajan.pl\/?page_id=20","og_site_name":"PPH KRAJAN Sp. z o.o.","article_modified_time":"2024-11-20T10:37:51+00:00","og_image":[{"url":"http:\/\/pphkrajan.pl\/wp-content\/uploads\/2024\/04\/krajan-png.png"}],"twitter_card":"summary_large_image","twitter_misc":{"Est. reading time":"1 minute"},"schema":{"@context":"https:\/\/schema.org","@graph":[{"@type":"WebPage","@id":"http:\/\/pphkrajan.pl\/?page_id=20","url":"http:\/\/pphkrajan.pl\/?page_id=20","name":"Kontakt - PPH KRAJAN Sp. z o.o.","isPartOf":{"@id":"http:\/\/pphkrajan.pl\/#website"},"datePublished":"2024-11-20T10:32:38+00:00","dateModified":"2024-11-20T10:37:51+00:00","breadcrumb":{"@id":"http:\/\/pphkrajan.pl\/?page_id=20#breadcrumb"},"inLanguage":"en-US","potentialAction":[{"@type":"ReadAction","target":["http:\/\/pphkrajan.pl\/?page_id=20"]}]},{"@type":"BreadcrumbList","@id":"http:\/\/pphkrajan.pl\/?page_id=20#breadcrumb","itemListElement":[{"@type":"ListItem","position":1,"name":"Home","item":"http:\/\/pphkrajan.pl\/"},{"@type":"ListItem","position":2,"name":"Kontakt"}]},{"@type":"WebSite","@id":"http:\/\/pphkrajan.pl\/#website","url":"http:\/\/pphkrajan.pl\/","name":"PPH KRAJAN Sp. z o.o.","description":"","publisher":{"@id":"http:\/\/pphkrajan.pl\/#organization"},"potentialAction":[{"@type":"SearchAction","target":{"@type":"EntryPoint","urlTemplate":"http:\/\/pphkrajan.pl\/?s={search_term_string}"},"query-input":"required name=search_term_string"}],"inLanguage":"en-US"},{"@type":"Organization","@id":"http:\/\/pphkrajan.pl\/#organization","name":"PPH KRAJAN Sp. z o.o.","url":"http:\/\/pphkrajan.pl\/","logo":{"@type":"ImageObject","inLanguage":"en-US","@id":"http:\/\/pphkrajan.pl\/#\/schema\/logo\/image\/","url":"https:\/\/pphkrajan.pl\/wp-content\/uploads\/2024\/04\/cropped-krajan-png.png","contentUrl":"https:\/\/pphkrajan.pl\/wp-content\/uploads\/2024\/04\/cropped-krajan-png.png","width":45,"height":50,"caption":"PPH KRAJAN Sp. z o.o. "},"image":{"@id":"http:\/\/pphkrajan.pl\/#\/schema\/logo\/image\/"}}]}},"_links":{"self":[{"href":"https:\/\/pphkrajan.pl\/index.php?rest_route=\/wp\/v2\/pages\/20","targetHints":{"allow":["GET"]}}],"collection":[{"href":"https:\/\/pphkrajan.pl\/index.php?rest_route=\/wp\/v2\/pages"}],"about":[{"href":"https:\/\/pphkrajan.pl\/index.php?rest_route=\/wp\/v2\/types\/page"}],"author":[{"embeddable":true,"href":"https:\/\/pphkrajan.pl\/index.php?rest_route=\/wp\/v2\/users\/1"}],"replies":[{"embeddable":true,"href":"https:\/\/pphkrajan.pl\/index.php?rest_route=%2Fwp%2Fv2%2Fcomments&post=20"}],"version-history":[{"count":10,"href":"https:\/\/pphkrajan.pl\/index.php?rest_route=\/wp\/v2\/pages\/20\/revisions"}],"predecessor-version":[{"id":33,"href":"https:\/\/pphkrajan.pl\/index.php?rest_route=\/wp\/v2\/pages\/20\/revisions\/33"}],"wp:attachment":[{"href":"https:\/\/pphkrajan.pl\/index.php?rest_route=%2Fwp%2Fv2%2Fmedia&parent=20"}],"curies":[{"name":"wp","href":"https:\/\/api.w.org\/{rel}","templated":true}]}}